{"id":93,"date":"2012-12-30T17:47:58","date_gmt":"2012-12-30T15:47:58","guid":{"rendered":"http:\/\/klippel.fi\/talo\/?page_id=93"},"modified":"2018-01-23T21:40:21","modified_gmt":"2018-01-23T19:40:21","slug":"sauna","status":"publish","type":"page","link":"https:\/\/klippel.fi\/talo\/sauna\/","title":{"rendered":"Sauna"},"content":{"rendered":"<p class=\"hide-if-no-js\">\u00a0<a href=\"https:\/\/klippel.fi\/talo\/sauna\/olympus-digital-camera-29\/\" rel=\"attachment wp-att-798\"><img loading=\"lazy\" decoding=\"async\" class=\"alignnone wp-image-798\" src=\"https:\/\/klippel.fi\/talo\/wp_talo\/wp-content\/uploads\/2014\/11\/tv-sep\u00e4t-ulkoa.jpg\" alt=\"OLYMPUS DIGITAL CAMERA\" width=\"368\" height=\"279\" \/><\/a><a href=\"https:\/\/klippel.fi\/talo\/sauna\/olympus-digital-camera-30\/\" rel=\"attachment wp-att-799\"><img loading=\"lazy\" decoding=\"async\" class=\"alignnone wp-image-799\" src=\"https:\/\/klippel.fi\/talo\/wp_talo\/wp-content\/uploads\/2014\/11\/tv-sep\u00e4t.jpg\" alt=\"OLYMPUS DIGITAL CAMERA\" width=\"358\" height=\"473\" \/><\/a><\/p>\n<p class=\"hide-if-no-js\">Heikki-veturi l\u00e4hd\u00f6ss\u00e4 matkalle naapuristamme veturitallilta. Saunaa on perinteisesti l\u00e4mmitetty vr:n ty\u00f6ntekij\u00f6ille ty\u00f6p\u00e4iv\u00e4n p\u00e4\u00e4tteeksi. Vr on sanoutunut irti h\u00f6yryvetureista jo aikaa sitten, joten l\u00e4mmitimmekin saunan nokisille hy\u00f6ryveturitalkoolaisille. Tai saavat itsekin l\u00e4mmitt\u00e4\u00e4 sen koivuhaloillansa kuumaksi. Saunan entisess\u00e4 pesutuvassa aloitti nyt televisionkorjausyritys TV-sep\u00e4t. <img loading=\"lazy\" decoding=\"async\" class=\"alignnone size-full wp-image-618\" src=\"https:\/\/klippel.fi\/talo\/wp_talo\/wp-content\/uploads\/2012\/12\/IMG_8776.jpg\" alt=\"IMG_8776\" width=\"588\" height=\"441\" \/><\/p>\n<hr \/>\n<p><a href=\"https:\/\/klippel.fi\/talo\/sauna\/taukopoyta-2\/\" rel=\"attachment wp-att-733\"><img loading=\"lazy\" decoding=\"async\" class=\"alignnone size-medium wp-image-733\" src=\"https:\/\/klippel.fi\/talo\/wp_talo\/wp-content\/uploads\/2014\/11\/taukop\u00f6yt\u00e4-225x300.jpg\" alt=\"taukop\u00f6yt\u00e4\" width=\"225\" height=\"300\" srcset=\"https:\/\/klippel.fi\/talo\/wp_talo\/wp-content\/uploads\/2014\/11\/taukop\u00f6yt\u00e4-225x300.jpg 225w, https:\/\/klippel.fi\/talo\/wp_talo\/wp-content\/uploads\/2014\/11\/taukop\u00f6yt\u00e4.jpg 600w\" sizes=\"auto, (max-width: 225px) 100vw, 225px\" \/><\/a><\/p>\n<p class=\"hide-if-no-js\">Lounastauko saunan edess\u00e4<\/p>\n<hr \/>\n<p class=\"hide-if-no-js\"><a href=\"https:\/\/klippel.fi\/talo\/sauna\/kuva0825-2\/\" rel=\"attachment wp-att-336\"><img loading=\"lazy\" decoding=\"async\" class=\"alignnone size-medium wp-image-336\" src=\"https:\/\/klippel.fi\/talo\/wp_talo\/wp-content\/uploads\/2013\/03\/Kuva08251-225x300.jpg\" alt=\"Kuva0825\" width=\"225\" height=\"300\" srcset=\"https:\/\/klippel.fi\/talo\/wp_talo\/wp-content\/uploads\/2013\/03\/Kuva08251-225x300.jpg 225w, https:\/\/klippel.fi\/talo\/wp_talo\/wp-content\/uploads\/2013\/03\/Kuva08251.jpg 1200w\" sizes=\"auto, (max-width: 225px) 100vw, 225px\" \/><\/a>Taukotupamme l\u00e4mpim\u00e4ss\u00e4 saunarakennuksessa kaikilla ylellisyyksill\u00e4.<\/p>\n<p class=\"hide-if-no-js\">\n<p class=\"hide-if-no-js\"><a href=\"https:\/\/klippel.fi\/talo\/sauna\/dscn0253\/\" rel=\"attachment wp-att-682\"><img loading=\"lazy\" decoding=\"async\" class=\"alignnone size-medium wp-image-682\" src=\"https:\/\/klippel.fi\/talo\/wp_talo\/wp-content\/uploads\/2014\/10\/DSCN0253-300x225.jpg\" alt=\"DSCN0253\" width=\"300\" height=\"225\" \/><\/a><\/p>\n","protected":false},"excerpt":{"rendered":"<p>\u00a0 Heikki-veturi l\u00e4hd\u00f6ss\u00e4 matkalle naapuristamme veturitallilta. Saunaa on perinteisesti l\u00e4mmitetty vr:n ty\u00f6ntekij\u00f6ille ty\u00f6p\u00e4iv\u00e4n p\u00e4\u00e4tteeksi. Vr on sanoutunut irti h\u00f6yryvetureista jo aikaa sitten, joten l\u00e4mmitimmekin saunan nokisille hy\u00f6ryveturitalkoolaisille. Tai saavat itsekin l\u00e4mmitt\u00e4\u00e4 sen koivuhaloillansa kuumaksi. Saunan entisess\u00e4 pesutuvassa aloitti nyt televisionkorjausyritys &hellip; <a href=\"https:\/\/klippel.fi\/talo\/sauna\/\">Lue loppuun <span class=\"meta-nav\">&rarr;<\/span><\/a><\/p>\n","protected":false},"author":1,"featured_media":0,"parent":0,"menu_order":0,"comment_status":"open","ping_status":"open","template":"sidebar-page.php","meta":{"footnotes":""},"class_list":["post-93","page","type-page","status-publish","hentry"],"_links":{"self":[{"href":"https:\/\/klippel.fi\/talo\/wp-json\/wp\/v2\/pages\/93","targetHints":{"allow":["GET"]}}],"collection":[{"href":"https:\/\/klippel.fi\/talo\/wp-json\/wp\/v2\/pages"}],"about":[{"href":"https:\/\/klippel.fi\/talo\/wp-json\/wp\/v2\/types\/page"}],"author":[{"embeddable":true,"href":"https:\/\/klippel.fi\/talo\/wp-json\/wp\/v2\/users\/1"}],"replies":[{"embeddable":true,"href":"https:\/\/klippel.fi\/talo\/wp-json\/wp\/v2\/comments?post=93"}],"version-history":[{"count":1,"href":"https:\/\/klippel.fi\/talo\/wp-json\/wp\/v2\/pages\/93\/revisions"}],"predecessor-version":[{"id":971,"href":"https:\/\/klippel.fi\/talo\/wp-json\/wp\/v2\/pages\/93\/revisions\/971"}],"wp:attachment":[{"href":"https:\/\/klippel.fi\/talo\/wp-json\/wp\/v2\/media?parent=93"}],"curies":[{"name":"wp","href":"https:\/\/api.w.org\/{rel}","templated":true}]}}