{"id":85,"date":"2012-12-30T16:56:31","date_gmt":"2012-12-30T14:56:31","guid":{"rendered":"http:\/\/klippel.fi\/talo\/?page_id=85"},"modified":"2014-10-26T19:51:40","modified_gmt":"2014-10-26T17:51:40","slug":"linkit","status":"publish","type":"page","link":"https:\/\/klippel.fi\/talo\/linkit\/","title":{"rendered":"Linkit"},"content":{"rendered":"<p><a href=\"http:\/\/www.uef.fi\/documents\/1145887\/1146339\/rap2009_4.pdf\/b2f18781-185b-4bc5-a149-5929b98c018a\">UUSIUTUVA VANHA KAUPPALA<\/a> (PDF)<br \/>\nNurmeksen Asemapuiston suunnittelun l\u00e4ht\u00f6kohtia<br \/>\nHannu Ryh\u00e4nen (toim.) 4\/2009<\/p>\n<p><a href=\"http:\/\/herkules.oulu.fi\/isbn951427735X\/isbn951427735X.pdf\">HIRSIRAKENTEIDEN MERKITYS ASEMA-ARKKITEHTUURILLE 1860\u20131950<\/a> (PDF)<br \/>\nJANNE JOKELAINEN\u00a0 2005<\/p>\n<p><a href=\"http:\/\/www.tuuma.net\/linkit.php\">Rakennusperinteen Yst\u00e4v\u00e4t ry\u00a0 &#8211;<\/a>melko kattava linkkisivu<\/p>\n<p><a title=\"Hy\u00f6ryvetureita ja museovaunuja naapurissamme\" href=\"www.steamrail.fi\/\"><cite class=\"_Rm\">www.steamrail.fi\/<\/cite><\/a>\u00a0\u00a0 -hy\u00f6ryvetureita ja museovanuja naapurissamme veturitallissa<\/p>\n<p><a href=\"http:\/\/www.makasiini.net\/\">http:\/\/www.makasiini.net\/<\/a>\u00a0 -l\u00e4hiruokapuoti ja kahvila naapurissamme<\/p>\n<p>&nbsp;<\/p>\n","protected":false},"excerpt":{"rendered":"<p>UUSIUTUVA VANHA KAUPPALA (PDF) Nurmeksen Asemapuiston suunnittelun l\u00e4ht\u00f6kohtia Hannu Ryh\u00e4nen (toim.) 4\/2009 HIRSIRAKENTEIDEN MERKITYS ASEMA-ARKKITEHTUURILLE 1860\u20131950 (PDF) JANNE JOKELAINEN\u00a0 2005 Rakennusperinteen Yst\u00e4v\u00e4t ry\u00a0 &#8211;melko kattava linkkisivu www.steamrail.fi\/\u00a0\u00a0 -hy\u00f6ryvetureita ja museovanuja naapurissamme veturitallissa http:\/\/www.makasiini.net\/\u00a0 -l\u00e4hiruokapuoti ja kahvila naapurissamme &nbsp;<\/p>\n","protected":false},"author":1,"featured_media":0,"parent":0,"menu_order":0,"comment_status":"open","ping_status":"closed","template":"sidebar-page.php","meta":{"footnotes":""},"class_list":["post-85","page","type-page","status-publish","hentry"],"_links":{"self":[{"href":"https:\/\/klippel.fi\/talo\/wp-json\/wp\/v2\/pages\/85","targetHints":{"allow":["GET"]}}],"collection":[{"href":"https:\/\/klippel.fi\/talo\/wp-json\/wp\/v2\/pages"}],"about":[{"href":"https:\/\/klippel.fi\/talo\/wp-json\/wp\/v2\/types\/page"}],"author":[{"embeddable":true,"href":"https:\/\/klippel.fi\/talo\/wp-json\/wp\/v2\/users\/1"}],"replies":[{"embeddable":true,"href":"https:\/\/klippel.fi\/talo\/wp-json\/wp\/v2\/comments?post=85"}],"version-history":[{"count":0,"href":"https:\/\/klippel.fi\/talo\/wp-json\/wp\/v2\/pages\/85\/revisions"}],"wp:attachment":[{"href":"https:\/\/klippel.fi\/talo\/wp-json\/wp\/v2\/media?parent=85"}],"curies":[{"name":"wp","href":"https:\/\/api.w.org\/{rel}","templated":true}]}}