{"id":52,"date":"2012-12-30T15:18:04","date_gmt":"2012-12-30T13:18:04","guid":{"rendered":"http:\/\/klippel.fi\/talo\/?page_id=52"},"modified":"2018-01-23T21:51:24","modified_gmt":"2018-01-23T19:51:24","slug":"huoneistot","status":"publish","type":"page","link":"https:\/\/klippel.fi\/talo\/huoneistot\/","title":{"rendered":"Asunnot"},"content":{"rendered":"<p style=\"text-align: center;\"><strong><span style=\"color: #800000;\"><a href=\"https:\/\/klippel.fi\/talo\/huoneistot\/admin-ajax-php\/\" rel=\"attachment wp-att-539\"><img loading=\"lazy\" decoding=\"async\" class=\"wp-image-539 aligncenter\" src=\"https:\/\/klippel.fi\/talo\/wp_talo\/wp-content\/uploads\/2014\/10\/admin-ajax.php_.jpeg\" alt=\"admin-ajax.php\" width=\"387\" height=\"169\" \/><\/a><\/span><\/strong>Asuntojen remontit etenev\u00e4t kesken\u00e4\u00e4n eri vauhtia, klikkaa n\u00e4ist\u00e4 niin n\u00e4et:<\/p>\n<p style=\"text-align: center;\"><strong><em><span style=\"color: #800000;\"><a title=\"Huoneisto 1\" href=\"https:\/\/klippel.fi\/talo\/?p=47\"><span style=\"color: #800000;\">Asunto 4<\/span><\/a><\/span><\/em><span style=\"color: #800000;\"><a title=\"Huoneisto 1\" href=\"https:\/\/klippel.fi\/talo\/?p=47\"><span style=\"color: #800000;\"> \u00a0 \u00a0 \u00a0 <\/span><\/a><\/span><\/strong><a href=\"https:\/\/klippel.fi\/talo\/huoneisto-2\/\"><strong><span style=\"color: #800000;\"><em>Asunto 3<\/em>\u00a0\u00a0\u00a0\u00a0\u00a0\u00a0\u00a0 <\/span><\/strong><\/a><strong><span style=\"color: #800000;\"><a href=\"https:\/\/klippel.fi\/talo\/?p=71\"><span style=\"color: #800000;\"><em>Asunto 2\u00a0<\/em>\u00a0\u00a0\u00a0\u00a0 <\/span><\/a><\/span><\/strong><em><strong><span style=\"color: #800000;\"><a href=\"https:\/\/klippel.fi\/talo\/?p=72\"><span style=\"color: #800000;\">Ratamestarin asunto 1<\/span><\/a><\/span><\/strong><\/em><\/p>\n<p><strong><span style=\"color: #800000;\"><a href=\"https:\/\/klippel.fi\/talo\/fassadi-2-2\/\" rel=\"attachment wp-att-11\"><img loading=\"lazy\" decoding=\"async\" class=\"wp-image-11 aligncenter\" src=\"https:\/\/klippel.fi\/talo\/wp_talo\/wp-content\/uploads\/2012\/12\/fassadi-2.jpg\" alt=\"fassadi 2\" width=\"490\" height=\"366\" \/><\/a><\/span><\/strong><\/p>\n","protected":false},"excerpt":{"rendered":"<p>Asuntojen remontit etenev\u00e4t kesken\u00e4\u00e4n eri vauhtia, klikkaa n\u00e4ist\u00e4 niin n\u00e4et: Asunto 4 \u00a0 \u00a0 \u00a0 Asunto 3\u00a0\u00a0\u00a0\u00a0\u00a0\u00a0\u00a0 Asunto 2\u00a0\u00a0\u00a0\u00a0\u00a0 Ratamestarin asunto 1<\/p>\n","protected":false},"author":1,"featured_media":0,"parent":0,"menu_order":0,"comment_status":"closed","ping_status":"closed","template":"sidebar-page.php","meta":{"footnotes":""},"class_list":["post-52","page","type-page","status-publish","hentry"],"_links":{"self":[{"href":"https:\/\/klippel.fi\/talo\/wp-json\/wp\/v2\/pages\/52","targetHints":{"allow":["GET"]}}],"collection":[{"href":"https:\/\/klippel.fi\/talo\/wp-json\/wp\/v2\/pages"}],"about":[{"href":"https:\/\/klippel.fi\/talo\/wp-json\/wp\/v2\/types\/page"}],"author":[{"embeddable":true,"href":"https:\/\/klippel.fi\/talo\/wp-json\/wp\/v2\/users\/1"}],"replies":[{"embeddable":true,"href":"https:\/\/klippel.fi\/talo\/wp-json\/wp\/v2\/comments?post=52"}],"version-history":[{"count":2,"href":"https:\/\/klippel.fi\/talo\/wp-json\/wp\/v2\/pages\/52\/revisions"}],"predecessor-version":[{"id":973,"href":"https:\/\/klippel.fi\/talo\/wp-json\/wp\/v2\/pages\/52\/revisions\/973"}],"wp:attachment":[{"href":"https:\/\/klippel.fi\/talo\/wp-json\/wp\/v2\/media?parent=52"}],"curies":[{"name":"wp","href":"https:\/\/api.w.org\/{rel}","templated":true}]}}