{"id":12,"date":"2012-12-18T22:01:42","date_gmt":"2012-12-18T20:01:42","guid":{"rendered":"http:\/\/klippel.fi\/talo\/wordpress\/?page_id=12"},"modified":"2018-01-23T21:34:06","modified_gmt":"2018-01-23T19:34:06","slug":"etusivu","status":"publish","type":"page","link":"https:\/\/klippel.fi\/talo\/","title":{"rendered":"Satavuotias talo"},"content":{"rendered":"<p>&nbsp;<\/p>\n<div id=\"attachment_195\" style=\"width: 1009px\" class=\"wp-caption alignnone\"><img loading=\"lazy\" decoding=\"async\" aria-describedby=\"caption-attachment-195\" class=\" wp-image-195\" title=\"Ennen remontti vuonna 1975 \" src=\"https:\/\/klippel.fi\/talo\/wp_talo\/wp-content\/uploads\/2012\/12\/Rautatievirkamiehist\u00f6n-talo.jpg\" alt=\"Rautatievirkamiehist\u00f6n talo\" width=\"999\" height=\"675\" \/><p id=\"caption-attachment-195\" class=\"wp-caption-text\">Nurmeksen Museon luvalla: <strong>Talo ennen isoa remonttia 1975<\/strong><\/p><\/div>\n<p>&nbsp;<\/p>\n<h2><\/h2>\n<p>Nurmekseen rakennetttiin vuonna 1909 asuinkasarmi rautatiel\u00e4isille. Kasarmiin tuli 6 huoneen ja keitti\u00f6n kokoista asuntoa perheille sek\u00e4 2 huoneen ja keitti\u00f6n asunto ratamestarin perheelle. Erikseen rakennettiin sen ajan tyyliin ulkovessat ja puuliiterit jokaiselle perheelle sek\u00e4 kunnon maakellarit. Pihan per\u00e4lle tehtiin yhteiseen k\u00e4ytt\u00f6\u00f6n sauna, pesutupa ja leivintupa. Leivintuvassa oli iso leivinuuni, ja isossa saunassa oli iso puul\u00e4mitteinen kiuas. Saunan ja veturitallien v\u00e4liss\u00e4 oli valtava halkovarasto, josta otettiin halot vetureille.<\/p>\n<p>Pihalla oli kasvimaat jokaiselle perheelle.<br \/>\nKuulostaa idylliselt\u00e4? Yhteis\u00f6ill\u00e4 on my\u00f6s varmaan ollut omat pienet ongelmansa. Lapsilla oli varmaan hauskaa leikki\u00e4 isolla pihalla lasketella liukum\u00e4ke\u00e4 kellarin katolta, leikki\u00e4 halkopinojen takana piilosta, vinkki\u00e4 ym.<\/p>\n<h2>T\u00e4ss\u00e4 Pirjo Harjun muistelmia:<\/h2>\n<p>Hei t\u00e4ss\u00e4 v\u00e4h\u00e4n historiaa Harjun Pirjolta, ajattelin kirjoittaa ne nyt muistiin ettei unohdu. \u00c4itill\u00e4 olisi varmaan paljon kerrottavaa ja voin kirjoitella niit\u00e4 halutessanne jatkossakin jos haluatte kuulla el\u00e4m\u00e4st\u00e4 kasarmeilla: \u00e4itii kertoili, ett\u00e4 asuessaan lapsena ja nuorena kasarmilla jokaiselle perheelle annettiin saunanl\u00e4mmitys- ja pesuvuorot. Saunaa oli l\u00e4mmitett\u00e4v\u00e4 koko p\u00e4iv\u00e4n, sill\u00e4 suuri kiuas oli kertal\u00e4mmitteinen. Sauna l\u00e4mmitettiin veturinkuljettajille jotka saapuilivat asemalle pitkin iltaa. Kun viimeinen junamies oli saunonut t\u00e4ytyi vastuussa olevan perheen pest\u00e4 sauna. Tellervo Nieminen oli ollut tarkka pesemisest\u00e4. Lauteet oli pesty yl\u00e4- ja alapuolelta kuumalla vedell\u00e4 huolellisesti. Kun sauna oli pesty, pesij\u00e4t peseytyiv\u00e4t itse ja kun kaikki oli valmista kello oli jo nelj\u00e4 aamuy\u00f6st\u00e4. Saunanpesun j\u00e4lkeen Tellervo oli varannut pullaa tai marjapiirakkaa jotka oli nautittu kahvin kanssa ennen nukkumaan menoa. Se oli erityist\u00e4.<\/p>\n<p>Saunassa oli my\u00f6s leivintupa, johon rautatiel\u00e4isten vaimot olivat yhdess\u00e4 kokoontuneet leipomaan. Jokainen toi omat taikinansa. Holopaisen Martta tuotiin Porokyl\u00e4n asemalta resiinalla taikinoineen. Naiset auttoivat toisiaan ja leivintuvassa oli ollut aina hauskaa ja paljon meteli\u00e4.<\/p>\n<p>Siin\u00e4 varaston kadunpuoleisessa p\u00e4\u00e4ss\u00e4 oli jollakin asukkaalla kaksi lehm\u00e4\u00e4 ja kanoja. Kahden kellarin eteisess\u00e4 on ollut pienet kaminat joita on l\u00e4mmitetty ettei kellarissa olevat juurekset j\u00e4\u00e4tyisi talvipakkasella.<\/p>\n<h2>Rautatievirkamiehet ja heid\u00e4n perheens\u00e4.<\/h2>\n<div id=\"attachment_196\" style=\"width: 2112px\" class=\"wp-caption alignnone\"><a href=\"https:\/\/klippel.fi\/talo\/historia\/rautatievirkamiehet-ja-heidan-perheensa\/\" rel=\"attachment wp-att-196\"><img loading=\"lazy\" decoding=\"async\" aria-describedby=\"caption-attachment-196\" class=\" wp-image-196\" src=\"https:\/\/klippel.fi\/talo\/wp_talo\/wp-content\/uploads\/2012\/12\/Rautatievirkamiehet-ja-heid\u00e4n-perheens\u00e4..jpg\" alt=\"Rautatievirkamiehet ja heid\u00e4n perheens\u00e4.\" width=\"2102\" height=\"1328\" \/><\/a><p id=\"caption-attachment-196\" class=\"wp-caption-text\">kuva: Meeri Heikkinen, Nurmeksen Museon luvalla<\/p><\/div>\n<p>&nbsp;<\/p>\n<p>&nbsp;<\/p>\n<p>&nbsp;<\/p>\n","protected":false},"excerpt":{"rendered":"<p>&nbsp; &nbsp; Nurmekseen rakennetttiin vuonna 1909 asuinkasarmi rautatiel\u00e4isille. Kasarmiin tuli 6 huoneen ja keitti\u00f6n kokoista asuntoa perheille sek\u00e4 2 huoneen ja keitti\u00f6n asunto ratamestarin perheelle. Erikseen rakennettiin sen ajan tyyliin ulkovessat ja puuliiterit jokaiselle perheelle sek\u00e4 kunnon maakellarit. Pihan per\u00e4lle &hellip; <a href=\"https:\/\/klippel.fi\/talo\/\">Lue loppuun <span class=\"meta-nav\">&rarr;<\/span><\/a><\/p>\n","protected":false},"author":1,"featured_media":0,"parent":0,"menu_order":0,"comment_status":"closed","ping_status":"closed","template":"","meta":{"footnotes":""},"class_list":["post-12","page","type-page","status-publish","hentry"],"_links":{"self":[{"href":"https:\/\/klippel.fi\/talo\/wp-json\/wp\/v2\/pages\/12","targetHints":{"allow":["GET"]}}],"collection":[{"href":"https:\/\/klippel.fi\/talo\/wp-json\/wp\/v2\/pages"}],"about":[{"href":"https:\/\/klippel.fi\/talo\/wp-json\/wp\/v2\/types\/page"}],"author":[{"embeddable":true,"href":"https:\/\/klippel.fi\/talo\/wp-json\/wp\/v2\/users\/1"}],"replies":[{"embeddable":true,"href":"https:\/\/klippel.fi\/talo\/wp-json\/wp\/v2\/comments?post=12"}],"version-history":[{"count":3,"href":"https:\/\/klippel.fi\/talo\/wp-json\/wp\/v2\/pages\/12\/revisions"}],"predecessor-version":[{"id":970,"href":"https:\/\/klippel.fi\/talo\/wp-json\/wp\/v2\/pages\/12\/revisions\/970"}],"wp:attachment":[{"href":"https:\/\/klippel.fi\/talo\/wp-json\/wp\/v2\/media?parent=12"}],"curies":[{"name":"wp","href":"https:\/\/api.w.org\/{rel}","templated":true}]}}